{"id":1131,"date":"2025-11-04T09:51:48","date_gmt":"2025-11-04T09:51:48","guid":{"rendered":"https:\/\/bridge-tech.it\/?page_id=1131"},"modified":"2025-11-04T09:52:30","modified_gmt":"2025-11-04T09:52:30","slug":"marketing","status":"publish","type":"page","link":"https:\/\/bridge-tech.it\/en\/marketing\/","title":{"rendered":"MARKETING"},"content":{"rendered":"\t\t<div data-elementor-type=\"wp-page\" data-elementor-id=\"1131\" class=\"elementor elementor-1131\">\n\t\t\t\t<div class=\"elementor-element elementor-element-8f00bcc e-flex e-con-boxed wpr-particle-no wpr-jarallax-no wpr-parallax-no wpr-sticky-section-no e-con e-parent\" data-id=\"8f00bcc\" data-element_type=\"container\" data-e-type=\"container\">\n\t\t\t\t\t<div class=\"e-con-inner\">\n\t\t\t\t<div class=\"elementor-element elementor-element-f2a9b30 elementor-widget elementor-widget-slider_revolution\" data-id=\"f2a9b30\" data-element_type=\"widget\" data-e-type=\"widget\" data-widget_type=\"slider_revolution.default\">\n\t\t\t\t\t\n\t\t<div class=\"wp-block-themepunch-revslider\">\n\t\t\t\t<p class=\"rs-p-wp-fix\"><\/p>\n\t\t\t\t<sr7-module data-alias=\"contatti-news-11\" data-id=\"6\" id=\"SR7_6_1\" class=\"rs-ov-hidden\" data-version=\"6.7.20\">\n\t\t\t\t\t<sr7-adjuster><\/sr7-adjuster>\n\t\t\t\t\t<sr7-content>\n\t\t\t\t\t\t<sr7-slide id=\"SR7_6_1-11\" data-key=\"11\">\n\t\t\t\t\t\t<\/sr7-slide>\n\t\t\t\t\t\t<sr7-slide id=\"SR7_6_1-12\" data-key=\"12\">\n\t\t\t\t\t\t<\/sr7-slide>\n\t\t\t\t\t<\/sr7-content>\n\t\t\t\t<\/sr7-module>\n\t\t\t\t<script>\n\t\t\t\t\tSR7.PMH ??={}; SR7.PMH[\"SR7_6_1\"] = {cn:0,state:false,fn: function() { if (_tpt!==undefined && _tpt.prepareModuleHeight !== undefined) {  _tpt.prepareModuleHeight({id:\"SR7_6_1\",el:[800,800,400,640,640],type:'standard',shdw:'0',gh:[800,800,400,640,640],gw:[1240,1240,1024,778,778],vpt:['100px&#039;,&#039;100px&#039;,&#039;100px&#039;,&#039;100px&#039;,&#039;100px'],size:{fullWidth:true, fullHeight:true},fho:',',mh:'0',onh:0,onw:0,bg:{color:'{\"orig\":\"transparent\",\"type\":\"solid\",\"string\":\"transparent\"}'},plType:'-1',plColor:'#FFFFFF'});   SR7.PMH[\"SR7_6_1\"].state=true;} else if((SR7.PMH[\"SR7_6_1\"].cn++)<100)\tsetTimeout( SR7.PMH[\"SR7_6_1\"].fn,19);}};SR7.PMH[\"SR7_6_1\" ].fn();\n\t\t\t\t<\/script>\n<\/div>\n\n\t\t\t\t\t\t<\/div>\n\t\t\t\t\t<\/div>\n\t\t\t\t<\/div>\n\t\t<div class=\"elementor-element elementor-element-94094b2 e-flex e-con-boxed wpr-particle-no wpr-jarallax-no wpr-parallax-no wpr-sticky-section-no e-con e-parent\" data-id=\"94094b2\" data-element_type=\"container\" data-e-type=\"container\">\n\t\t\t\t\t<div class=\"e-con-inner\">\n\t\t\t\t<div class=\"elementor-element elementor-element-492181a elementor-widget__width-inherit elementor-widget elementor-widget-heading\" data-id=\"492181a\" data-element_type=\"widget\" data-e-type=\"widget\" data-widget_type=\"heading.default\">\n\t\t\t\t\t<h1 class=\"elementor-heading-title elementor-size-default\">Fai crescere il tuo business con strategie di marketing su misura<\/h1>\t\t\t\t<\/div>\n\t\t\t\t<div class=\"elementor-element elementor-element-d77a39e elementor-widget__width-inherit elementor-widget elementor-widget-text-editor\" data-id=\"d77a39e\" data-element_type=\"widget\" data-e-type=\"widget\" data-widget_type=\"text-editor.default\">\n\t\t\t\t\t\t\t\t\t<p data-start=\"356\" data-end=\"745\">Il mercato non aspetta \u2014 i tuoi competitor si muovono, innovano, comunicano. Se non sei pronto, ti superano.<br data-start=\"464\" data-end=\"467\" \/>Per questo offriamo strategie di marketing digitali pensate per agire con rapidit\u00e0 e precisione: sviluppo di siti web e piattaforme e-commerce performanti, campagne mirate per migliorare il posizionamento online e strategie su misura per aumentare la visibilit\u00e0 del tuo brand.<\/p><p>Con un approccio integrato, uniamo creativit\u00e0, analisi dei dati e tecnologia per guidarti nella giusta direzione.<br data-start=\"860\" data-end=\"863\" \/>Perch\u00e9 nel digitale non basta esserci: bisogna farsi notare, e farlo prima degli altri.<\/p>\t\t\t\t\t\t\t\t<\/div>\n\t\t<div class=\"elementor-element elementor-element-1ef37f3 e-con-full e-flex wpr-particle-no wpr-jarallax-no wpr-parallax-no wpr-sticky-section-no e-con e-child\" data-id=\"1ef37f3\" data-element_type=\"container\" data-e-type=\"container\">\n\t\t\t\t<div class=\"elementor-element elementor-element-1c1b6e1 elementor-widget elementor-widget-heading\" data-id=\"1c1b6e1\" data-element_type=\"widget\" data-e-type=\"widget\" data-widget_type=\"heading.default\">\n\t\t\t\t\t<h2 class=\"elementor-heading-title elementor-size-default\">Digital marketing<\/h2>\t\t\t\t<\/div>\n\t\t\t\t<div class=\"elementor-element elementor-element-50500da elementor-widget elementor-widget-text-editor\" data-id=\"50500da\" data-element_type=\"widget\" data-e-type=\"widget\" data-widget_type=\"text-editor.default\">\n\t\t\t\t\t\t\t\t\t<div class=\"elementor-element elementor-element-f4b4079 elementor-widget elementor-widget-text-editor\" data-id=\"f4b4079\" data-element_type=\"widget\" data-widget_type=\"text-editor.default\"><p>Il <strong>Digital Marketing<\/strong> \u00e8 la soluzione ideale per far crescere il tuo business online, raggiungendo nuovi clienti in modo efficace e misurabile. Grazie a un insieme di strategie su misura, come campagne sui social media, annunci su Google, email marketing e ottimizzazione per i motori di ricerca (SEO), il digital marketing ti permette di:<\/p><\/div>\t\t\t\t\t\t\t\t<\/div>\n\t\t\t\t<div class=\"elementor-element elementor-element-42c2c32 elementor-icon-list--layout-traditional elementor-list-item-link-full_width elementor-widget elementor-widget-icon-list\" data-id=\"42c2c32\" data-element_type=\"widget\" data-e-type=\"widget\" data-widget_type=\"icon-list.default\">\n\t\t\t\t\t\t\t<ul class=\"elementor-icon-list-items\">\n\t\t\t\t\t\t\t<li class=\"elementor-icon-list-item\">\n\t\t\t\t\t\t\t\t\t\t\t<span class=\"elementor-icon-list-icon\">\n\t\t\t\t\t\t\t<svg aria-hidden=\"true\" class=\"e-font-icon-svg e-fas-check\" viewBox=\"0 0 512 512\" xmlns=\"http:\/\/www.w3.org\/2000\/svg\"><path d=\"M173.898 439.404l-166.4-166.4c-9.997-9.997-9.997-26.206 0-36.204l36.203-36.204c9.997-9.998 26.207-9.998 36.204 0L192 312.69 432.095 72.596c9.997-9.997 26.207-9.997 36.204 0l36.203 36.204c9.997 9.997 9.997 26.206 0 36.204l-294.4 294.401c-9.998 9.997-26.207 9.997-36.204-.001z\"><\/path><\/svg>\t\t\t\t\t\t<\/span>\n\t\t\t\t\t\t\t\t\t\t<span class=\"elementor-icon-list-text\">Aumentare la visibilit\u00e0<\/span>\n\t\t\t\t\t\t\t\t\t<\/li>\n\t\t\t\t\t\t\t\t<li class=\"elementor-icon-list-item\">\n\t\t\t\t\t\t\t\t\t\t\t<span class=\"elementor-icon-list-icon\">\n\t\t\t\t\t\t\t<svg aria-hidden=\"true\" class=\"e-font-icon-svg e-fas-check\" viewBox=\"0 0 512 512\" xmlns=\"http:\/\/www.w3.org\/2000\/svg\"><path d=\"M173.898 439.404l-166.4-166.4c-9.997-9.997-9.997-26.206 0-36.204l36.203-36.204c9.997-9.998 26.207-9.998 36.204 0L192 312.69 432.095 72.596c9.997-9.997 26.207-9.997 36.204 0l36.203 36.204c9.997 9.997 9.997 26.206 0 36.204l-294.4 294.401c-9.998 9.997-26.207 9.997-36.204-.001z\"><\/path><\/svg>\t\t\t\t\t\t<\/span>\n\t\t\t\t\t\t\t\t\t\t<span class=\"elementor-icon-list-text\">Attrarre nuovi clienti<\/span>\n\t\t\t\t\t\t\t\t\t<\/li>\n\t\t\t\t\t\t\t\t<li class=\"elementor-icon-list-item\">\n\t\t\t\t\t\t\t\t\t\t\t<span class=\"elementor-icon-list-icon\">\n\t\t\t\t\t\t\t<svg aria-hidden=\"true\" class=\"e-font-icon-svg e-fas-check\" viewBox=\"0 0 512 512\" xmlns=\"http:\/\/www.w3.org\/2000\/svg\"><path d=\"M173.898 439.404l-166.4-166.4c-9.997-9.997-9.997-26.206 0-36.204l36.203-36.204c9.997-9.998 26.207-9.998 36.204 0L192 312.69 432.095 72.596c9.997-9.997 26.207-9.997 36.204 0l36.203 36.204c9.997 9.997 9.997 26.206 0 36.204l-294.4 294.401c-9.998 9.997-26.207 9.997-36.204-.001z\"><\/path><\/svg>\t\t\t\t\t\t<\/span>\n\t\t\t\t\t\t\t\t\t\t<span class=\"elementor-icon-list-text\">Monitorare i risultati<\/span>\n\t\t\t\t\t\t\t\t\t<\/li>\n\t\t\t\t\t\t<\/ul>\n\t\t\t\t\t\t<\/div>\n\t\t\t\t<\/div>\n\t\t<div class=\"elementor-element elementor-element-9bfb8a0 e-con-full e-flex wpr-particle-no wpr-jarallax-no wpr-parallax-no wpr-sticky-section-no e-con e-child\" data-id=\"9bfb8a0\" data-element_type=\"container\" data-e-type=\"container\">\n\t\t\t\t<div class=\"elementor-element elementor-element-4f189b0 elementor-widget elementor-widget-heading\" data-id=\"4f189b0\" data-element_type=\"widget\" data-e-type=\"widget\" data-widget_type=\"heading.default\">\n\t\t\t\t\t<h2 class=\"elementor-heading-title elementor-size-default\">Gestione social<\/h2>\t\t\t\t<\/div>\n\t\t\t\t<div class=\"elementor-element elementor-element-b4a450a elementor-widget elementor-widget-text-editor\" data-id=\"b4a450a\" data-element_type=\"widget\" data-e-type=\"widget\" data-widget_type=\"text-editor.default\">\n\t\t\t\t\t\t\t\t\t<div class=\"elementor-element elementor-element-f4b4079 elementor-widget elementor-widget-text-editor\" data-id=\"f4b4079\" data-element_type=\"widget\" data-widget_type=\"text-editor.default\"><p>La nuova sfida per chi vuole farsi conoscere sul mercato passa anche da una gestione attiva e consapevole dei social esistenti, selezionando quelli pi\u00f9 idonei per il target individuato e gestendoli nei contenuti e nelle tempistiche.<\/p><p>L\u2019utilizzo dei social media \u00e8 fondamentale, per coloro i quali vogliano, creare una community ed avere un seguito interessato capace di apprezzare le offerte di vendita del prodotto o del servizio.<\/p><\/div>\t\t\t\t\t\t\t\t<\/div>\n\t\t\t\t<\/div>\n\t\t<div class=\"elementor-element elementor-element-79ab847 e-con-full e-flex wpr-particle-no wpr-jarallax-no wpr-parallax-no wpr-sticky-section-no e-con e-child\" data-id=\"79ab847\" data-element_type=\"container\" data-e-type=\"container\">\n\t\t\t\t<div class=\"elementor-element elementor-element-200ab7e elementor-widget elementor-widget-heading\" data-id=\"200ab7e\" data-element_type=\"widget\" data-e-type=\"widget\" data-widget_type=\"heading.default\">\n\t\t\t\t\t<h2 class=\"elementor-heading-title elementor-size-default\">Sviluppo e gestione siti web<\/h2>\t\t\t\t<\/div>\n\t\t\t\t<div class=\"elementor-element elementor-element-693849f elementor-widget elementor-widget-text-editor\" data-id=\"693849f\" data-element_type=\"widget\" data-e-type=\"widget\" data-widget_type=\"text-editor.default\">\n\t\t\t\t\t\t\t\t\t<div class=\"elementor-element elementor-element-f4b4079 elementor-widget elementor-widget-text-editor\" data-id=\"f4b4079\" data-element_type=\"widget\" data-widget_type=\"text-editor.default\"><p>Esistono molti modi di fare un sito web, ma solo uno \u00e8 quello giusto per valorizzare la propria attivit\u00e0.<\/p><p>Spetta a chi disegna il sito web capire tutti quegli aspetti che devono essere messi in evidenza per realizzare un sito web unico che sia per voi una finestra per affacciarvi sul mondo e che vi permetta di mostrare le vostre potenzialit\u00e0.<\/p><\/div>\t\t\t\t\t\t\t\t<\/div>\n\t\t\t\t<\/div>\n\t\t<div class=\"elementor-element elementor-element-ba8d851 e-con-full e-flex wpr-particle-no wpr-jarallax-no wpr-parallax-no wpr-sticky-section-no e-con e-child\" data-id=\"ba8d851\" data-element_type=\"container\" data-e-type=\"container\">\n\t\t\t\t<div class=\"elementor-element elementor-element-91191e9 elementor-widget elementor-widget-heading\" data-id=\"91191e9\" data-element_type=\"widget\" data-e-type=\"widget\" data-widget_type=\"heading.default\">\n\t\t\t\t\t<h2 class=\"elementor-heading-title elementor-size-default\">Sviluppo e gestione e-commerce<\/h2>\t\t\t\t<\/div>\n\t\t\t\t<div class=\"elementor-element elementor-element-eabbd9a elementor-widget elementor-widget-text-editor\" data-id=\"eabbd9a\" data-element_type=\"widget\" data-e-type=\"widget\" data-widget_type=\"text-editor.default\">\n\t\t\t\t\t\t\t\t\t<div class=\"elementor-element elementor-element-f4b4079 elementor-widget elementor-widget-text-editor\" data-id=\"f4b4079\" data-element_type=\"widget\" data-widget_type=\"text-editor.default\">Avere un sito per la vendit\u00e0 \u00e8 fondamentale per tutti coloro che vogliono espandere il loro business oltre la propria zona. Noi, da anni, ci occupiamo sia della realizzazione che, per chi desidera, della gestione dello stesso.<\/div>\t\t\t\t\t\t\t\t<\/div>\n\t\t\t\t<\/div>\n\t\t<div class=\"elementor-element elementor-element-78fafdf e-con-full e-flex wpr-particle-no wpr-jarallax-no wpr-parallax-no wpr-sticky-section-no e-con e-child\" data-id=\"78fafdf\" data-element_type=\"container\" data-e-type=\"container\">\n\t\t\t\t<div class=\"elementor-element elementor-element-fbc54e3 elementor-widget elementor-widget-heading\" data-id=\"fbc54e3\" data-element_type=\"widget\" data-e-type=\"widget\" data-widget_type=\"heading.default\">\n\t\t\t\t\t<h2 class=\"elementor-heading-title elementor-size-default\">SEO\/SEM<\/h2>\t\t\t\t<\/div>\n\t\t\t\t<div class=\"elementor-element elementor-element-823ec3e elementor-widget elementor-widget-text-editor\" data-id=\"823ec3e\" data-element_type=\"widget\" data-e-type=\"widget\" data-widget_type=\"text-editor.default\">\n\t\t\t\t\t\t\t\t\t<div class=\"elementor-element elementor-element-f4b4079 elementor-widget elementor-widget-text-editor\" data-id=\"f4b4079\" data-element_type=\"widget\" data-widget_type=\"text-editor.default\">Avere un sito per la vendit\u00e0 \u00e8 fondamentale per tutti coloro che vogliono espandere il loro business oltre la propria zona. Noi, da anni, ci occupiamo sia della realizzazione che, per chi desidera, della gestione dello stesso.<\/div>\t\t\t\t\t\t\t\t<\/div>\n\t\t\t\t<\/div>\n\t\t<div class=\"elementor-element elementor-element-a49bd3b e-con-full e-flex wpr-particle-no wpr-jarallax-no wpr-parallax-no wpr-sticky-section-no e-con e-child\" data-id=\"a49bd3b\" data-element_type=\"container\" data-e-type=\"container\">\n\t\t\t\t<div class=\"elementor-element elementor-element-0be58ab elementor-widget elementor-widget-heading\" data-id=\"0be58ab\" data-element_type=\"widget\" data-e-type=\"widget\" data-widget_type=\"heading.default\">\n\t\t\t\t\t<h2 class=\"elementor-heading-title elementor-size-default\">Project management<\/h2>\t\t\t\t<\/div>\n\t\t\t\t<div class=\"elementor-element elementor-element-7fe3832 elementor-widget elementor-widget-text-editor\" data-id=\"7fe3832\" data-element_type=\"widget\" data-e-type=\"widget\" data-widget_type=\"text-editor.default\">\n\t\t\t\t\t\t\t\t\t<div class=\"elementor-element elementor-element-f4b4079 elementor-widget elementor-widget-text-editor\" data-id=\"f4b4079\" data-element_type=\"widget\" data-widget_type=\"text-editor.default\">Per chi vuole lavorare in maniera specifica solo su uno o pi\u00f9 progetti, per avere una idea sulla fattibilit\u00e0 economica e chiarire tutti i passi necessari per portare un prodotto dalla ideazione alla commercializzazione, viene affiancato un project manager che si occuper\u00e0, dopo una analisi approfondita di realizzare un business plan e di tracciare le linee guida per la realizzazione del progetto.<\/div>\t\t\t\t\t\t\t\t<\/div>\n\t\t\t\t<\/div>\n\t\t\t\t\t<\/div>\n\t\t\t\t<\/div>\n\t\t<div class=\"elementor-element elementor-element-41284716 e-flex e-con-boxed wpr-particle-no wpr-jarallax-no wpr-parallax-no wpr-sticky-section-no e-con e-parent\" data-id=\"41284716\" data-element_type=\"container\" data-e-type=\"container\">\n\t\t\t\t\t<div class=\"e-con-inner\">\n\t\t\t\t\t<\/div>\n\t\t\t\t<\/div>\n\t\t\t\t<\/div>\n\t\t","protected":false},"excerpt":{"rendered":"<p>Fai crescere il tuo business con strategie di marketing su misura Il mercato non aspetta \u2014 i tuoi competitor si muovono, innovano, comunicano. Se non sei pronto, ti superano.Per questo offriamo strategie di marketing digitali pensate per agire con rapidit\u00e0 e precisione: sviluppo di siti web e piattaforme e-commerce performanti, campagne mirate per migliorare il posizionamento online e strategie su misura per aumentare la visibilit\u00e0 del tuo brand. Con un approccio integrato, uniamo creativit\u00e0, analisi dei dati e tecnologia per guidarti nella giusta direzione.Perch\u00e9 nel digitale non basta esserci: bisogna farsi notare, e farlo prima degli altri. Digital marketing Il Digital Marketing \u00e8 la soluzione ideale per far crescere il tuo business online, raggiungendo nuovi clienti in modo efficace e misurabile. Grazie a un insieme di strategie su misura, come campagne sui social media, annunci su Google, email marketing e ottimizzazione per i motori di ricerca (SEO), il digital marketing ti permette di: Aumentare la visibilit\u00e0 Attrarre nuovi clienti Monitorare i risultati Gestione social La nuova sfida per chi vuole farsi conoscere sul mercato passa anche da una gestione attiva e consapevole dei social esistenti, selezionando quelli pi\u00f9 idonei per il target individuato e gestendoli nei contenuti e nelle tempistiche. L\u2019utilizzo dei social media \u00e8 fondamentale, per coloro i quali vogliano, creare una community ed avere un seguito interessato capace di apprezzare le offerte di vendita del prodotto o del servizio. Sviluppo e gestione siti web Esistono molti modi di fare un sito web, ma solo uno \u00e8 quello giusto per valorizzare la propria attivit\u00e0. Spetta a chi disegna il sito web capire tutti quegli aspetti che devono essere messi in evidenza per realizzare un sito web unico che sia per voi una finestra per affacciarvi sul mondo e che vi permetta di mostrare le vostre potenzialit\u00e0. Sviluppo e gestione e-commerce Avere un sito per la vendit\u00e0 \u00e8 fondamentale per tutti coloro che vogliono espandere il loro business oltre la propria zona. Noi, da anni, ci occupiamo sia della realizzazione che, per chi desidera, della gestione dello stesso. SEO\/SEM Avere un sito per la vendit\u00e0 \u00e8 fondamentale per tutti coloro che vogliono espandere il loro business oltre la propria zona. Noi, da anni, ci occupiamo sia della realizzazione che, per chi desidera, della gestione dello stesso. Project management Per chi vuole lavorare in maniera specifica solo su uno o pi\u00f9 progetti, per avere una idea sulla fattibilit\u00e0 economica e chiarire tutti i passi necessari per portare un prodotto dalla ideazione alla commercializzazione, viene affiancato un project manager che si occuper\u00e0, dopo una analisi approfondita di realizzare un business plan e di tracciare le linee guida per la realizzazione del progetto. Contataci per maggiori informazioni<\/p>","protected":false},"author":2,"featured_media":0,"parent":0,"menu_order":0,"comment_status":"closed","ping_status":"closed","template":"","meta":{"footnotes":""},"class_list":["post-1131","page","type-page","status-publish","hentry"],"_links":{"self":[{"href":"https:\/\/bridge-tech.it\/en\/wp-json\/wp\/v2\/pages\/1131","targetHints":{"allow":["GET"]}}],"collection":[{"href":"https:\/\/bridge-tech.it\/en\/wp-json\/wp\/v2\/pages"}],"about":[{"href":"https:\/\/bridge-tech.it\/en\/wp-json\/wp\/v2\/types\/page"}],"author":[{"embeddable":true,"href":"https:\/\/bridge-tech.it\/en\/wp-json\/wp\/v2\/users\/2"}],"replies":[{"embeddable":true,"href":"https:\/\/bridge-tech.it\/en\/wp-json\/wp\/v2\/comments?post=1131"}],"version-history":[{"count":49,"href":"https:\/\/bridge-tech.it\/en\/wp-json\/wp\/v2\/pages\/1131\/revisions"}],"predecessor-version":[{"id":1193,"href":"https:\/\/bridge-tech.it\/en\/wp-json\/wp\/v2\/pages\/1131\/revisions\/1193"}],"wp:attachment":[{"href":"https:\/\/bridge-tech.it\/en\/wp-json\/wp\/v2\/media?parent=1131"}],"curies":[{"name":"wp","href":"https:\/\/api.w.org\/{rel}","templated":true}]}}